{"id":1961,"date":"2024-04-02T10:26:37","date_gmt":"2024-04-02T10:26:37","guid":{"rendered":"https:\/\/soulezzaguitars.com\/?page_id=1961"},"modified":"2024-04-02T11:47:32","modified_gmt":"2024-04-02T11:47:32","slug":"lionel-loueke-artists-soulezza","status":"publish","type":"page","link":"https:\/\/soulezzaguitars.com\/en_us\/lionel-loueke-artists-soulezza\/","title":{"rendered":"Lionel Loueke artistas Soulezza ENG"},"content":{"rendered":"<div data-elementor-type=\"wp-page\" data-elementor-id=\"1961\" class=\"elementor elementor-1961\" data-elementor-settings=\"{&quot;ha_cmc_init_switcher&quot;:&quot;no&quot;}\" data-elementor-post-type=\"page\">\n\t\t\t\t\t\t<section class=\"elementor-section elementor-top-section elementor-element elementor-element-12fc952 elementor-section-full_width elementor-section-height-default elementor-section-height-default elementor-invisible\" data-id=\"12fc952\" data-element_type=\"section\" data-e-type=\"section\" data-settings=\"{&quot;animation&quot;:&quot;fadeInDown&quot;,&quot;_ha_eqh_enable&quot;:false}\">\n\t\t\t\t\t\t<div class=\"elementor-container elementor-column-gap-no\">\n\t\t\t\t\t<div class=\"elementor-column elementor-col-100 elementor-top-column elementor-element elementor-element-83c2ecc\" data-id=\"83c2ecc\" data-element_type=\"column\" data-e-type=\"column\">\n\t\t\t<div class=\"elementor-widget-wrap elementor-element-populated\">\n\t\t\t\t\t\t<div class=\"elementor-element elementor-element-3c5bd7d elementor--h-position-center elementor--v-position-middle elementor-arrows-position-inside elementor-pagination-position-inside elementor-widget elementor-widget-slides\" data-id=\"3c5bd7d\" data-element_type=\"widget\" data-e-type=\"widget\" data-settings=\"{&quot;navigation&quot;:&quot;both&quot;,&quot;autoplay&quot;:&quot;yes&quot;,&quot;pause_on_hover&quot;:&quot;yes&quot;,&quot;pause_on_interaction&quot;:&quot;yes&quot;,&quot;autoplay_speed&quot;:5000,&quot;infinite&quot;:&quot;yes&quot;,&quot;transition&quot;:&quot;slide&quot;,&quot;transition_speed&quot;:500}\" data-widget_type=\"slides.default\">\n\t\t\t\t<div class=\"elementor-widget-container\">\n\t\t\t\t\t\t\t\t\t<div class=\"elementor-swiper\">\n\t\t\t\t\t<div class=\"elementor-slides-wrapper elementor-main-swiper swiper\" role=\"region\" aria-roledescription=\"carousel\" aria-label=\"Slides\" dir=\"ltr\" data-animation=\"fadeInUp\">\n\t\t\t\t<div class=\"swiper-wrapper elementor-slides\">\n\t\t\t\t\t\t\t\t\t\t<div class=\"elementor-repeater-item-d5d5c5d swiper-slide\" role=\"group\" aria-roledescription=\"slide\"><div class=\"swiper-slide-bg elementor-ken-burns elementor-ken-burns--in\" role=\"img\"><\/div><div class=\"elementor-background-overlay\"><\/div><div class=\"swiper-slide-inner\" ><div class=\"swiper-slide-contents\"><div class=\"elementor-slide-heading\">Soulezza Artists<\/div><div class=\"elementor-slide-description\">LIONEL LOUEKE<\/div><\/div><\/div><\/div>\t\t\t\t<\/div>\n\t\t\t\t\t\t\t<\/div>\n\t\t\t\t<\/div>\n\t\t\t\t\t\t\t\t<\/div>\n\t\t\t\t<\/div>\n\t\t\t\t\t<\/div>\n\t\t<\/div>\n\t\t\t\t\t<\/div>\n\t\t<\/section>\n\t\t\t\t<section class=\"elementor-section elementor-top-section elementor-element elementor-element-ef85cfa elementor-section-boxed elementor-section-height-default elementor-section-height-default\" data-id=\"ef85cfa\" data-element_type=\"section\" data-e-type=\"section\" data-settings=\"{&quot;_ha_eqh_enable&quot;:false}\">\n\t\t\t\t\t\t<div class=\"elementor-container elementor-column-gap-default\">\n\t\t\t\t\t<div class=\"elementor-column elementor-col-50 elementor-top-column elementor-element elementor-element-894200a elementor-invisible\" data-id=\"894200a\" data-element_type=\"column\" data-e-type=\"column\" data-settings=\"{&quot;animation&quot;:&quot;fadeInLeft&quot;}\">\n\t\t\t<div class=\"elementor-widget-wrap elementor-element-populated\">\n\t\t\t\t\t\t<div class=\"elementor-element elementor-element-7a4fc96 elementor-widget elementor-widget-heading\" data-id=\"7a4fc96\" data-element_type=\"widget\" data-e-type=\"widget\" data-widget_type=\"heading.default\">\n\t\t\t\t<div class=\"elementor-widget-container\">\n\t\t\t\t\t<h2 class=\"elementor-heading-title elementor-size-default\">LIONEL LOUEKE<\/h2>\t\t\t\t<\/div>\n\t\t\t\t<\/div>\n\t\t\t\t<div class=\"elementor-element elementor-element-ffa1687 elementor-widget elementor-widget-text-editor\" data-id=\"ffa1687\" data-element_type=\"widget\" data-e-type=\"widget\" data-widget_type=\"text-editor.default\">\n\t\t\t\t<div class=\"elementor-widget-container\">\n\t\t\t\t\t\t\t\t\t<p>BLUE NOTE RECORDING ARTIST, INTERNATIONAL TOURING GUITARIST<\/p>\t\t\t\t\t\t\t\t<\/div>\n\t\t\t\t<\/div>\n\t\t\t\t<div class=\"elementor-element elementor-element-dedf87e elementor-widget elementor-widget-text-editor\" data-id=\"dedf87e\" data-element_type=\"widget\" data-e-type=\"widget\" data-widget_type=\"text-editor.default\">\n\t\t\t\t<div class=\"elementor-widget-container\">\n\t\t\t\t\t\t\t\t\t<p>He belongs to the trio Gilfema with Massimo Biolcati and Ferenc Nemeth. They were both his classmates at Berklee in Boston. Gilfema recorded the albums Gilfema (2005) and Gilfema + 2 (2008) for ObliqSound. As a solo artist, Loueke recorded the live album In a Trance (2005) for Space Time Records and Virgin Forest (2006) for ObliqSound.<\/p><p>He made his major label debut in 2008 when Blue Note released their album Karibu. NPR praised its fusion of African music with jazz harmonies, vocal inflections and complex time signatures.<\/p>\t\t\t\t\t\t\t\t<\/div>\n\t\t\t\t<\/div>\n\t\t\t\t\t<\/div>\n\t\t<\/div>\n\t\t\t\t<div class=\"elementor-column elementor-col-50 elementor-top-column elementor-element elementor-element-4d84259 elementor-invisible\" data-id=\"4d84259\" data-element_type=\"column\" data-e-type=\"column\" data-settings=\"{&quot;animation&quot;:&quot;fadeInRight&quot;}\">\n\t\t\t<div class=\"elementor-widget-wrap elementor-element-populated\">\n\t\t\t\t\t\t<div class=\"elementor-element elementor-element-22cdd1e elementor-widget__width-initial elementor-widget elementor-widget-image\" data-id=\"22cdd1e\" data-element_type=\"widget\" data-e-type=\"widget\" data-widget_type=\"image.default\">\n\t\t\t\t<div class=\"elementor-widget-container\">\n\t\t\t\t\t\t\t\t\t\t\t\t\t\t\t<img fetchpriority=\"high\" decoding=\"async\" width=\"399\" height=\"600\" src=\"https:\/\/soulezzaguitars.com\/wp-content\/uploads\/2024\/03\/ll6.jpg\" class=\"attachment-large size-large wp-image-1758\" alt=\"\" \/>\t\t\t\t\t\t\t\t\t\t\t\t\t\t\t<\/div>\n\t\t\t\t<\/div>\n\t\t\t\t\t<\/div>\n\t\t<\/div>\n\t\t\t\t\t<\/div>\n\t\t<\/section>\n\t\t\t\t<section class=\"elementor-section elementor-top-section elementor-element elementor-element-c4d735f elementor-section-boxed elementor-section-height-default elementor-section-height-default elementor-invisible\" data-id=\"c4d735f\" data-element_type=\"section\" data-e-type=\"section\" data-settings=\"{&quot;background_background&quot;:&quot;classic&quot;,&quot;animation&quot;:&quot;fadeInLeft&quot;,&quot;_ha_eqh_enable&quot;:false}\">\n\t\t\t\t\t\t<div class=\"elementor-container elementor-column-gap-default\">\n\t\t\t\t\t<div class=\"elementor-column elementor-col-100 elementor-top-column elementor-element elementor-element-fbdbbfb\" data-id=\"fbdbbfb\" data-element_type=\"column\" data-e-type=\"column\">\n\t\t\t<div class=\"elementor-widget-wrap elementor-element-populated\">\n\t\t\t\t\t\t<div class=\"elementor-element elementor-element-2652970 elementor-widget elementor-widget-heading\" data-id=\"2652970\" data-element_type=\"widget\" data-e-type=\"widget\" data-widget_type=\"heading.default\">\n\t\t\t\t<div class=\"elementor-widget-container\">\n\t\t\t\t\t<h2 class=\"elementor-heading-title elementor-size-default\">This is how it sounds<\/h2>\t\t\t\t<\/div>\n\t\t\t\t<\/div>\n\t\t\t\t<section class=\"elementor-section elementor-inner-section elementor-element elementor-element-b2bbaf8 elementor-section-boxed elementor-section-height-default elementor-section-height-default\" data-id=\"b2bbaf8\" data-element_type=\"section\" data-e-type=\"section\" data-settings=\"{&quot;_ha_eqh_enable&quot;:false}\">\n\t\t\t\t\t\t<div class=\"elementor-container elementor-column-gap-default\">\n\t\t\t\t\t<div class=\"elementor-column elementor-col-50 elementor-inner-column elementor-element elementor-element-2ee8a4e\" data-id=\"2ee8a4e\" data-element_type=\"column\" data-e-type=\"column\">\n\t\t\t<div class=\"elementor-widget-wrap elementor-element-populated\">\n\t\t\t\t\t\t<div class=\"elementor-element elementor-element-5b0f806 elementor-hidden-mobile elementor-widget elementor-widget-video\" data-id=\"5b0f806\" data-element_type=\"widget\" data-e-type=\"widget\" data-settings=\"{&quot;youtube_url&quot;:&quot;https:\\\/\\\/www.youtube.com\\\/watch?v=zUa6aul1lig&amp;t=1s&quot;,&quot;lazy_load&quot;:&quot;yes&quot;,&quot;video_type&quot;:&quot;youtube&quot;,&quot;controls&quot;:&quot;yes&quot;}\" data-widget_type=\"video.default\">\n\t\t\t\t<div class=\"elementor-widget-container\">\n\t\t\t\t\t\t\t<div class=\"elementor-wrapper elementor-open-inline\">\n\t\t\t<div class=\"elementor-video\"><\/div>\t\t<\/div>\n\t\t\t\t\t\t<\/div>\n\t\t\t\t<\/div>\n\t\t\t\t<div class=\"elementor-element elementor-element-022260e elementor-hidden-desktop elementor-hidden-tablet elementor-widget elementor-widget-video\" data-id=\"022260e\" data-element_type=\"widget\" data-e-type=\"widget\" data-settings=\"{&quot;youtube_url&quot;:&quot;https:\\\/\\\/www.youtube.com\\\/watch?v=zUa6aul1lig&amp;t=1s&quot;,&quot;lazy_load&quot;:&quot;yes&quot;,&quot;video_type&quot;:&quot;youtube&quot;,&quot;controls&quot;:&quot;yes&quot;}\" data-widget_type=\"video.default\">\n\t\t\t\t<div class=\"elementor-widget-container\">\n\t\t\t\t\t\t\t<div class=\"elementor-wrapper elementor-open-inline\">\n\t\t\t<div class=\"elementor-video\"><\/div>\t\t<\/div>\n\t\t\t\t\t\t<\/div>\n\t\t\t\t<\/div>\n\t\t\t\t\t<\/div>\n\t\t<\/div>\n\t\t\t\t<div class=\"elementor-column elementor-col-50 elementor-inner-column elementor-element elementor-element-1a9844a\" data-id=\"1a9844a\" data-element_type=\"column\" data-e-type=\"column\">\n\t\t\t<div class=\"elementor-widget-wrap elementor-element-populated\">\n\t\t\t\t\t\t<div class=\"elementor-element elementor-element-2a27eda elementor-hidden-mobile elementor-widget elementor-widget-video\" data-id=\"2a27eda\" data-element_type=\"widget\" data-e-type=\"widget\" data-settings=\"{&quot;youtube_url&quot;:&quot;https:\\\/\\\/www.youtube.com\\\/watch?v=h0SDyA0AQAg&quot;,&quot;lazy_load&quot;:&quot;yes&quot;,&quot;video_type&quot;:&quot;youtube&quot;,&quot;controls&quot;:&quot;yes&quot;}\" data-widget_type=\"video.default\">\n\t\t\t\t<div class=\"elementor-widget-container\">\n\t\t\t\t\t\t\t<div class=\"elementor-wrapper elementor-open-inline\">\n\t\t\t<div class=\"elementor-video\"><\/div>\t\t<\/div>\n\t\t\t\t\t\t<\/div>\n\t\t\t\t<\/div>\n\t\t\t\t<div class=\"elementor-element elementor-element-ce28cfd elementor-hidden-desktop elementor-hidden-tablet elementor-widget elementor-widget-video\" data-id=\"ce28cfd\" data-element_type=\"widget\" data-e-type=\"widget\" data-settings=\"{&quot;youtube_url&quot;:&quot;https:\\\/\\\/www.youtube.com\\\/watch?v=h0SDyA0AQAg&quot;,&quot;lazy_load&quot;:&quot;yes&quot;,&quot;video_type&quot;:&quot;youtube&quot;,&quot;controls&quot;:&quot;yes&quot;}\" data-widget_type=\"video.default\">\n\t\t\t\t<div class=\"elementor-widget-container\">\n\t\t\t\t\t\t\t<div class=\"elementor-wrapper elementor-open-inline\">\n\t\t\t<div class=\"elementor-video\"><\/div>\t\t<\/div>\n\t\t\t\t\t\t<\/div>\n\t\t\t\t<\/div>\n\t\t\t\t\t<\/div>\n\t\t<\/div>\n\t\t\t\t\t<\/div>\n\t\t<\/section>\n\t\t\t\t\t<\/div>\n\t\t<\/div>\n\t\t\t\t\t<\/div>\n\t\t<\/section>\n\t\t\t\t<section class=\"elementor-section elementor-top-section elementor-element elementor-element-b308543 elementor-section-boxed elementor-section-height-default elementor-section-height-default elementor-invisible\" data-id=\"b308543\" data-element_type=\"section\" data-e-type=\"section\" data-settings=\"{&quot;animation&quot;:&quot;fadeInUp&quot;,&quot;_ha_eqh_enable&quot;:false}\">\n\t\t\t\t\t\t<div class=\"elementor-container elementor-column-gap-default\">\n\t\t\t\t\t<div class=\"elementor-column elementor-col-100 elementor-top-column elementor-element elementor-element-a4df8d2\" data-id=\"a4df8d2\" data-element_type=\"column\" data-e-type=\"column\">\n\t\t\t<div class=\"elementor-widget-wrap elementor-element-populated\">\n\t\t\t\t\t\t<div class=\"elementor-element elementor-element-956ec57 elementor-blockquote--skin-quotation elementor-blockquote--align-center elementor-blockquote--button-view-text elementor-blockquote--button-skin-link elementor-widget elementor-widget-blockquote\" data-id=\"956ec57\" data-element_type=\"widget\" data-e-type=\"widget\" data-widget_type=\"blockquote.default\">\n\t\t\t\t<div class=\"elementor-widget-container\">\n\t\t\t\t\t\t\t<blockquote class=\"elementor-blockquote\">\n\t\t\t<p class=\"elementor-blockquote__content\">\n\t\t\t\tIn addition to being the first and most portable headless guitar I have ever owned, the clarity and strength of my Soulezza's sound is very well balanced throughout. i love it\t\t\t<\/p>\n\t\t\t\t\t\t\t<div class=\"e-q-footer\">\n\t\t\t\t\t\t\t\t\t\t\t<cite class=\"elementor-blockquote__author\">LIONEL LOUEKE<\/cite>\n\t\t\t\t\t\t\t\t\t\t\t\t\t\t\t\t<a href=\"https:\/\/twitter.com\/intent\/tweet?text=In+addition+to+being+the+first+and+most+portable+headless+guitar+I+have+ever+owned%2C+the+clarity+and+strength+of+my+Soulezza%27s+sound+is+very+well+balanced+throughout.+i+love+it+%E2%80%94+LIONEL+LOUEKE&amp;url=https%3A%2F%2Fsoulezzaguitars.com%2Flionel-loueke-artists-soulezza%2F\" class=\"elementor-blockquote__tweet-button\" target=\"_blank\">\n\t\t\t\t\t\t\t\t\t\t\t\t\t\t\t\t\t\t\t\t\t\t<span class=\"elementor-blockquote__tweet-label\"><\/span>\n\t\t\t\t\t\t\t\t\t\t\t\t\t<\/a>\n\t\t\t\t\t\t\t\t\t<\/div>\n\t\t\t\t\t<\/blockquote>\n\t\t\t\t\t\t<\/div>\n\t\t\t\t<\/div>\n\t\t\t\t\t<\/div>\n\t\t<\/div>\n\t\t\t\t\t<\/div>\n\t\t<\/section>\n\t\t\t\t<\/div>","protected":false},"excerpt":{"rendered":"<p>Soulezza ArtistsLIONEL LOUEKE LIONEL LOUEKE BLUE NOTE RECORDING ARTIST, INTERNATIONAL TOURING GUITARIST He belongs to the trio Gilfema with Massimo Biolcati and Ferenc Nemeth. They were both his classmates at Berklee in Boston. Gilfema recorded the albums Gilfema (2005) and Gilfema + 2 (2008) for ObliqSound. As a solo artist, Loueke recorded the live album [&hellip;]<\/p>\n","protected":false},"author":1,"featured_media":174,"parent":0,"menu_order":0,"comment_status":"closed","ping_status":"closed","template":"","meta":{"footnotes":""},"class_list":["post-1961","page","type-page","status-publish","has-post-thumbnail","hentry"],"yoast_head":"<!-- This site is optimized with the Yoast SEO plugin v27.5 - https:\/\/yoast.com\/product\/yoast-seo-wordpress\/ -->\n<title>Lionel Loueke artistas Soulezza ENG - Soulezza Guitars - Handmade headless guitars<\/title>\n<meta name=\"description\" content=\"Adem\u00e1s de ser la primera guitarra &quot;headless&quot; y la m\u00e1s port\u00e1til que tengo, la claridad y fuerza del sonido de mi Soulezza est\u00e1 muy bien balanceada por todo el trastero\" \/>\n<meta name=\"robots\" content=\"index, follow, max-snippet:-1, max-image-preview:large, max-video-preview:-1\" \/>\n<link rel=\"canonical\" href=\"https:\/\/soulezzaguitars.com\/en_us\/lionel-loueke-artists-soulezza\/\" \/>\n<meta property=\"og:locale\" content=\"en_US\" \/>\n<meta property=\"og:type\" content=\"article\" \/>\n<meta property=\"og:title\" content=\"Lionel Loueke artistas Soulezza ENG - Soulezza Guitars - Handmade headless guitars\" \/>\n<meta property=\"og:description\" content=\"Adem\u00e1s de ser la primera guitarra &quot;headless&quot; y la m\u00e1s port\u00e1til que tengo, la claridad y fuerza del sonido de mi Soulezza est\u00e1 muy bien balanceada por todo el trastero\" \/>\n<meta property=\"og:url\" content=\"https:\/\/soulezzaguitars.com\/en_us\/lionel-loueke-artists-soulezza\/\" \/>\n<meta property=\"og:site_name\" content=\"Soulezza Guitars\" \/>\n<meta property=\"article:modified_time\" content=\"2024-04-02T11:47:32+00:00\" \/>\n<meta property=\"og:image\" content=\"https:\/\/soulezzaguitars.com\/wp-content\/uploads\/2023\/08\/ll7.jpg\" \/>\n\t<meta property=\"og:image:width\" content=\"396\" \/>\n\t<meta property=\"og:image:height\" content=\"600\" \/>\n\t<meta property=\"og:image:type\" content=\"image\/jpeg\" \/>\n<meta name=\"twitter:card\" content=\"summary_large_image\" \/>\n<meta name=\"twitter:label1\" content=\"Est. reading time\" \/>\n\t<meta name=\"twitter:data1\" content=\"1 minute\" \/>\n<script type=\"application\/ld+json\" class=\"yoast-schema-graph\">{\"@context\":\"https:\\\/\\\/schema.org\",\"@graph\":[{\"@type\":\"WebPage\",\"@id\":\"https:\\\/\\\/soulezzaguitars.com\\\/lionel-loueke-artists-soulezza\\\/\",\"url\":\"https:\\\/\\\/soulezzaguitars.com\\\/lionel-loueke-artists-soulezza\\\/\",\"name\":\"Lionel Loueke artistas Soulezza ENG - Soulezza Guitars - Handmade headless guitars\",\"isPartOf\":{\"@id\":\"https:\\\/\\\/soulezzaguitars.com\\\/#website\"},\"primaryImageOfPage\":{\"@id\":\"https:\\\/\\\/soulezzaguitars.com\\\/lionel-loueke-artists-soulezza\\\/#primaryimage\"},\"image\":{\"@id\":\"https:\\\/\\\/soulezzaguitars.com\\\/lionel-loueke-artists-soulezza\\\/#primaryimage\"},\"thumbnailUrl\":\"https:\\\/\\\/soulezzaguitars.com\\\/wp-content\\\/uploads\\\/2023\\\/08\\\/ll7.jpg\",\"datePublished\":\"2024-04-02T10:26:37+00:00\",\"dateModified\":\"2024-04-02T11:47:32+00:00\",\"description\":\"Adem\u00e1s de ser la primera guitarra \\\"headless\\\" y la m\u00e1s port\u00e1til que tengo, la claridad y fuerza del sonido de mi Soulezza est\u00e1 muy bien balanceada por todo el trastero\",\"breadcrumb\":{\"@id\":\"https:\\\/\\\/soulezzaguitars.com\\\/lionel-loueke-artists-soulezza\\\/#breadcrumb\"},\"inLanguage\":\"en-US\",\"potentialAction\":[{\"@type\":\"ReadAction\",\"target\":[\"https:\\\/\\\/soulezzaguitars.com\\\/lionel-loueke-artists-soulezza\\\/\"]}]},{\"@type\":\"ImageObject\",\"inLanguage\":\"en-US\",\"@id\":\"https:\\\/\\\/soulezzaguitars.com\\\/lionel-loueke-artists-soulezza\\\/#primaryimage\",\"url\":\"https:\\\/\\\/soulezzaguitars.com\\\/wp-content\\\/uploads\\\/2023\\\/08\\\/ll7.jpg\",\"contentUrl\":\"https:\\\/\\\/soulezzaguitars.com\\\/wp-content\\\/uploads\\\/2023\\\/08\\\/ll7.jpg\",\"width\":396,\"height\":600,\"caption\":\"LIONEL LOUEKE\"},{\"@type\":\"BreadcrumbList\",\"@id\":\"https:\\\/\\\/soulezzaguitars.com\\\/lionel-loueke-artists-soulezza\\\/#breadcrumb\",\"itemListElement\":[{\"@type\":\"ListItem\",\"position\":1,\"name\":\"Portada\",\"item\":\"https:\\\/\\\/soulezzaguitars.com\\\/\"},{\"@type\":\"ListItem\",\"position\":2,\"name\":\"Lionel Loueke artistas Soulezza ENG\"}]},{\"@type\":\"WebSite\",\"@id\":\"https:\\\/\\\/soulezzaguitars.com\\\/#website\",\"url\":\"https:\\\/\\\/soulezzaguitars.com\\\/\",\"name\":\"Soulezza Guitars\",\"description\":\"Headless Guitars\",\"potentialAction\":[{\"@type\":\"SearchAction\",\"target\":{\"@type\":\"EntryPoint\",\"urlTemplate\":\"https:\\\/\\\/soulezzaguitars.com\\\/?s={search_term_string}\"},\"query-input\":{\"@type\":\"PropertyValueSpecification\",\"valueRequired\":true,\"valueName\":\"search_term_string\"}}],\"inLanguage\":\"en-US\"}]}<\/script>\n<!-- \/ Yoast SEO plugin. -->","yoast_head_json":{"title":"Lionel Loueke artistas Soulezza ENG - Soulezza Guitars - Handmade headless guitars","description":"Adem\u00e1s de ser la primera guitarra \"headless\" y la m\u00e1s port\u00e1til que tengo, la claridad y fuerza del sonido de mi Soulezza est\u00e1 muy bien balanceada por todo el trastero","robots":{"index":"index","follow":"follow","max-snippet":"max-snippet:-1","max-image-preview":"max-image-preview:large","max-video-preview":"max-video-preview:-1"},"canonical":"https:\/\/soulezzaguitars.com\/en_us\/lionel-loueke-artists-soulezza\/","og_locale":"en_US","og_type":"article","og_title":"Lionel Loueke artistas Soulezza ENG - Soulezza Guitars - Handmade headless guitars","og_description":"Adem\u00e1s de ser la primera guitarra \"headless\" y la m\u00e1s port\u00e1til que tengo, la claridad y fuerza del sonido de mi Soulezza est\u00e1 muy bien balanceada por todo el trastero","og_url":"https:\/\/soulezzaguitars.com\/en_us\/lionel-loueke-artists-soulezza\/","og_site_name":"Soulezza Guitars","article_modified_time":"2024-04-02T11:47:32+00:00","og_image":[{"width":396,"height":600,"url":"https:\/\/soulezzaguitars.com\/wp-content\/uploads\/2023\/08\/ll7.jpg","type":"image\/jpeg"}],"twitter_card":"summary_large_image","twitter_misc":{"Est. reading time":"1 minute"},"schema":{"@context":"https:\/\/schema.org","@graph":[{"@type":"WebPage","@id":"https:\/\/soulezzaguitars.com\/lionel-loueke-artists-soulezza\/","url":"https:\/\/soulezzaguitars.com\/lionel-loueke-artists-soulezza\/","name":"Lionel Loueke artistas Soulezza ENG - Soulezza Guitars - Handmade headless guitars","isPartOf":{"@id":"https:\/\/soulezzaguitars.com\/#website"},"primaryImageOfPage":{"@id":"https:\/\/soulezzaguitars.com\/lionel-loueke-artists-soulezza\/#primaryimage"},"image":{"@id":"https:\/\/soulezzaguitars.com\/lionel-loueke-artists-soulezza\/#primaryimage"},"thumbnailUrl":"https:\/\/soulezzaguitars.com\/wp-content\/uploads\/2023\/08\/ll7.jpg","datePublished":"2024-04-02T10:26:37+00:00","dateModified":"2024-04-02T11:47:32+00:00","description":"Adem\u00e1s de ser la primera guitarra \"headless\" y la m\u00e1s port\u00e1til que tengo, la claridad y fuerza del sonido de mi Soulezza est\u00e1 muy bien balanceada por todo el trastero","breadcrumb":{"@id":"https:\/\/soulezzaguitars.com\/lionel-loueke-artists-soulezza\/#breadcrumb"},"inLanguage":"en-US","potentialAction":[{"@type":"ReadAction","target":["https:\/\/soulezzaguitars.com\/lionel-loueke-artists-soulezza\/"]}]},{"@type":"ImageObject","inLanguage":"en-US","@id":"https:\/\/soulezzaguitars.com\/lionel-loueke-artists-soulezza\/#primaryimage","url":"https:\/\/soulezzaguitars.com\/wp-content\/uploads\/2023\/08\/ll7.jpg","contentUrl":"https:\/\/soulezzaguitars.com\/wp-content\/uploads\/2023\/08\/ll7.jpg","width":396,"height":600,"caption":"LIONEL LOUEKE"},{"@type":"BreadcrumbList","@id":"https:\/\/soulezzaguitars.com\/lionel-loueke-artists-soulezza\/#breadcrumb","itemListElement":[{"@type":"ListItem","position":1,"name":"Portada","item":"https:\/\/soulezzaguitars.com\/"},{"@type":"ListItem","position":2,"name":"Lionel Loueke artistas Soulezza ENG"}]},{"@type":"WebSite","@id":"https:\/\/soulezzaguitars.com\/#website","url":"https:\/\/soulezzaguitars.com\/","name":"Soulezza Guitars","description":"Headless Guitars","potentialAction":[{"@type":"SearchAction","target":{"@type":"EntryPoint","urlTemplate":"https:\/\/soulezzaguitars.com\/?s={search_term_string}"},"query-input":{"@type":"PropertyValueSpecification","valueRequired":true,"valueName":"search_term_string"}}],"inLanguage":"en-US"}]}},"_links":{"self":[{"href":"https:\/\/soulezzaguitars.com\/en_us\/wp-json\/wp\/v2\/pages\/1961","targetHints":{"allow":["GET"]}}],"collection":[{"href":"https:\/\/soulezzaguitars.com\/en_us\/wp-json\/wp\/v2\/pages"}],"about":[{"href":"https:\/\/soulezzaguitars.com\/en_us\/wp-json\/wp\/v2\/types\/page"}],"author":[{"embeddable":true,"href":"https:\/\/soulezzaguitars.com\/en_us\/wp-json\/wp\/v2\/users\/1"}],"replies":[{"embeddable":true,"href":"https:\/\/soulezzaguitars.com\/en_us\/wp-json\/wp\/v2\/comments?post=1961"}],"version-history":[{"count":4,"href":"https:\/\/soulezzaguitars.com\/en_us\/wp-json\/wp\/v2\/pages\/1961\/revisions"}],"predecessor-version":[{"id":1965,"href":"https:\/\/soulezzaguitars.com\/en_us\/wp-json\/wp\/v2\/pages\/1961\/revisions\/1965"}],"wp:featuredmedia":[{"embeddable":true,"href":"https:\/\/soulezzaguitars.com\/en_us\/wp-json\/wp\/v2\/media\/174"}],"wp:attachment":[{"href":"https:\/\/soulezzaguitars.com\/en_us\/wp-json\/wp\/v2\/media?parent=1961"}],"curies":[{"name":"wp","href":"https:\/\/api.w.org\/{rel}","templated":true}]}}