{"id":331,"date":"2023-08-08T10:49:40","date_gmt":"2023-08-08T10:49:40","guid":{"rendered":"http:\/\/xcxhlqt.cluster028.hosting.ovh.net\/?page_id=331"},"modified":"2024-03-31T17:57:21","modified_gmt":"2024-03-31T17:57:21","slug":"jordi-bonell","status":"publish","type":"page","link":"https:\/\/soulezzaguitars.com\/en_us\/jordi-bonell\/","title":{"rendered":"Jordi Bonell artistas Soulezza"},"content":{"rendered":"<div data-elementor-type=\"wp-page\" data-elementor-id=\"331\" class=\"elementor elementor-331\" data-elementor-settings=\"{&quot;ha_cmc_init_switcher&quot;:&quot;no&quot;}\" data-elementor-post-type=\"page\">\n\t\t\t\t\t\t<section class=\"elementor-section elementor-top-section elementor-element elementor-element-12fc952 elementor-section-full_width elementor-section-height-default elementor-section-height-default elementor-invisible\" data-id=\"12fc952\" data-element_type=\"section\" data-e-type=\"section\" data-settings=\"{&quot;animation&quot;:&quot;fadeInDown&quot;,&quot;_ha_eqh_enable&quot;:false}\">\n\t\t\t\t\t\t<div class=\"elementor-container elementor-column-gap-no\">\n\t\t\t\t\t<div class=\"elementor-column elementor-col-100 elementor-top-column elementor-element elementor-element-83c2ecc\" data-id=\"83c2ecc\" data-element_type=\"column\" data-e-type=\"column\">\n\t\t\t<div class=\"elementor-widget-wrap elementor-element-populated\">\n\t\t\t\t\t\t<div class=\"elementor-element elementor-element-3c5bd7d elementor--h-position-center elementor--v-position-middle elementor-arrows-position-inside elementor-pagination-position-inside elementor-widget elementor-widget-slides\" data-id=\"3c5bd7d\" data-element_type=\"widget\" data-e-type=\"widget\" data-settings=\"{&quot;navigation&quot;:&quot;both&quot;,&quot;autoplay&quot;:&quot;yes&quot;,&quot;pause_on_hover&quot;:&quot;yes&quot;,&quot;pause_on_interaction&quot;:&quot;yes&quot;,&quot;autoplay_speed&quot;:5000,&quot;infinite&quot;:&quot;yes&quot;,&quot;transition&quot;:&quot;slide&quot;,&quot;transition_speed&quot;:500}\" data-widget_type=\"slides.default\">\n\t\t\t\t<div class=\"elementor-widget-container\">\n\t\t\t\t\t\t\t\t\t<div class=\"elementor-swiper\">\n\t\t\t\t\t<div class=\"elementor-slides-wrapper elementor-main-swiper swiper\" role=\"region\" aria-roledescription=\"carousel\" aria-label=\"Slides\" dir=\"ltr\" data-animation=\"fadeInUp\">\n\t\t\t\t<div class=\"swiper-wrapper elementor-slides\">\n\t\t\t\t\t\t\t\t\t\t<div class=\"elementor-repeater-item-d5d5c5d swiper-slide\" role=\"group\" aria-roledescription=\"slide\"><div class=\"swiper-slide-bg elementor-ken-burns elementor-ken-burns--in\" role=\"img\"><\/div><div class=\"elementor-background-overlay\"><\/div><div class=\"swiper-slide-inner\" ><div class=\"swiper-slide-contents\"><div class=\"elementor-slide-heading\">Soulezza Artists<\/div><div class=\"elementor-slide-description\">JORDI BONELL<\/div><\/div><\/div><\/div>\t\t\t\t<\/div>\n\t\t\t\t\t\t\t<\/div>\n\t\t\t\t<\/div>\n\t\t\t\t\t\t\t\t<\/div>\n\t\t\t\t<\/div>\n\t\t\t\t\t<\/div>\n\t\t<\/div>\n\t\t\t\t\t<\/div>\n\t\t<\/section>\n\t\t\t\t<section class=\"elementor-section elementor-top-section elementor-element elementor-element-ef85cfa elementor-section-boxed elementor-section-height-default elementor-section-height-default\" data-id=\"ef85cfa\" data-element_type=\"section\" data-e-type=\"section\" data-settings=\"{&quot;_ha_eqh_enable&quot;:false}\">\n\t\t\t\t\t\t<div class=\"elementor-container elementor-column-gap-default\">\n\t\t\t\t\t<div class=\"elementor-column elementor-col-50 elementor-top-column elementor-element elementor-element-894200a elementor-invisible\" data-id=\"894200a\" data-element_type=\"column\" data-e-type=\"column\" data-settings=\"{&quot;animation&quot;:&quot;fadeInLeft&quot;}\">\n\t\t\t<div class=\"elementor-widget-wrap elementor-element-populated\">\n\t\t\t\t\t\t<div class=\"elementor-element elementor-element-7a4fc96 elementor-widget elementor-widget-heading\" data-id=\"7a4fc96\" data-element_type=\"widget\" data-e-type=\"widget\" data-widget_type=\"heading.default\">\n\t\t\t\t<div class=\"elementor-widget-container\">\n\t\t\t\t\t<h2 class=\"elementor-heading-title elementor-size-default\">JORDI BONELL<\/h2>\t\t\t\t<\/div>\n\t\t\t\t<\/div>\n\t\t\t\t<div class=\"elementor-element elementor-element-ffa1687 elementor-widget elementor-widget-text-editor\" data-id=\"ffa1687\" data-element_type=\"widget\" data-e-type=\"widget\" data-widget_type=\"text-editor.default\">\n\t\t\t\t<div class=\"elementor-widget-container\">\n\t\t\t\t\t\t\t\t\t<p>STUDIO GUITARIST, COMPOSER, EDUCATOR<\/p>\t\t\t\t\t\t\t\t<\/div>\n\t\t\t\t<\/div>\n\t\t\t\t<div class=\"elementor-element elementor-element-dedf87e elementor-widget elementor-widget-text-editor\" data-id=\"dedf87e\" data-element_type=\"widget\" data-e-type=\"widget\" data-widget_type=\"text-editor.default\">\n\t\t\t\t<div class=\"elementor-widget-container\">\n\t\t\t\t\t\t\t\t\t<p>Estudi\u00f3 con Jim Hall y John Abercrombie, y asisti\u00f3 a la New School for Social Research en NY con una beca.<\/p><p>Ha tocado con algunos de los mejores m\u00fasicos de Espa\u00f1a y el extranjero, entre ellos:<br \/>Chet Baker, Marc Johnson, Archie Shep, Jim Hall, Tim Riess, Gary Willis, Larry Willis,<br \/>y en Espa\u00f1a con Jorge Pardo, Carles Benavent, Horacio Fumero o Chano Dominguez, Ana Belen, Joan Manel Serrat, entre muchos otros.<\/p>\t\t\t\t\t\t\t\t<\/div>\n\t\t\t\t<\/div>\n\t\t\t\t\t<\/div>\n\t\t<\/div>\n\t\t\t\t<div class=\"elementor-column elementor-col-50 elementor-top-column elementor-element elementor-element-4d84259 elementor-invisible\" data-id=\"4d84259\" data-element_type=\"column\" data-e-type=\"column\" data-settings=\"{&quot;animation&quot;:&quot;fadeInRight&quot;}\">\n\t\t\t<div class=\"elementor-widget-wrap elementor-element-populated\">\n\t\t\t\t\t\t<div class=\"elementor-element elementor-element-22cdd1e elementor-widget__width-initial elementor-widget elementor-widget-image\" data-id=\"22cdd1e\" data-element_type=\"widget\" data-e-type=\"widget\" data-widget_type=\"image.default\">\n\t\t\t\t<div class=\"elementor-widget-container\">\n\t\t\t\t\t\t\t\t\t\t\t\t\t\t\t<img fetchpriority=\"high\" decoding=\"async\" width=\"488\" height=\"400\" src=\"https:\/\/soulezzaguitars.com\/wp-content\/uploads\/2023\/08\/jbcentral.jpg\" class=\"attachment-large size-large wp-image-173\" alt=\"JORDI BONELL\" \/>\t\t\t\t\t\t\t\t\t\t\t\t\t\t\t<\/div>\n\t\t\t\t<\/div>\n\t\t\t\t\t<\/div>\n\t\t<\/div>\n\t\t\t\t\t<\/div>\n\t\t<\/section>\n\t\t\t\t<section class=\"elementor-section elementor-top-section elementor-element elementor-element-c4d735f elementor-section-boxed elementor-section-height-default elementor-section-height-default elementor-invisible\" data-id=\"c4d735f\" data-element_type=\"section\" data-e-type=\"section\" data-settings=\"{&quot;background_background&quot;:&quot;classic&quot;,&quot;animation&quot;:&quot;fadeInLeft&quot;,&quot;_ha_eqh_enable&quot;:false}\">\n\t\t\t\t\t\t<div class=\"elementor-container elementor-column-gap-default\">\n\t\t\t\t\t<div class=\"elementor-column elementor-col-100 elementor-top-column elementor-element elementor-element-fbdbbfb\" data-id=\"fbdbbfb\" data-element_type=\"column\" data-e-type=\"column\">\n\t\t\t<div class=\"elementor-widget-wrap elementor-element-populated\">\n\t\t\t\t\t\t<section class=\"elementor-section elementor-inner-section elementor-element elementor-element-b2bbaf8 elementor-section-boxed elementor-section-height-default elementor-section-height-default\" data-id=\"b2bbaf8\" data-element_type=\"section\" data-e-type=\"section\" data-settings=\"{&quot;_ha_eqh_enable&quot;:false}\">\n\t\t\t\t\t\t<div class=\"elementor-container elementor-column-gap-default\">\n\t\t\t\t\t<div class=\"elementor-column elementor-col-50 elementor-inner-column elementor-element elementor-element-2ee8a4e\" data-id=\"2ee8a4e\" data-element_type=\"column\" data-e-type=\"column\">\n\t\t\t<div class=\"elementor-widget-wrap elementor-element-populated\">\n\t\t\t\t\t\t<div class=\"elementor-element elementor-element-5b0f806 elementor-hidden-mobile elementor-widget elementor-widget-video\" data-id=\"5b0f806\" data-element_type=\"widget\" data-e-type=\"widget\" data-settings=\"{&quot;youtube_url&quot;:&quot;https:\\\/\\\/www.youtube.com\\\/watch?v=1JDMdt4J_3g&quot;,&quot;lazy_load&quot;:&quot;yes&quot;,&quot;video_type&quot;:&quot;youtube&quot;,&quot;controls&quot;:&quot;yes&quot;}\" data-widget_type=\"video.default\">\n\t\t\t\t<div class=\"elementor-widget-container\">\n\t\t\t\t\t\t\t<div class=\"elementor-wrapper elementor-open-inline\">\n\t\t\t<div class=\"elementor-video\"><\/div>\t\t<\/div>\n\t\t\t\t\t\t<\/div>\n\t\t\t\t<\/div>\n\t\t\t\t<div class=\"elementor-element elementor-element-022260e elementor-hidden-desktop elementor-hidden-tablet elementor-widget elementor-widget-video\" data-id=\"022260e\" data-element_type=\"widget\" data-e-type=\"widget\" data-settings=\"{&quot;youtube_url&quot;:&quot;https:\\\/\\\/www.youtube.com\\\/watch?v=1JDMdt4J_3g&quot;,&quot;lazy_load&quot;:&quot;yes&quot;,&quot;video_type&quot;:&quot;youtube&quot;,&quot;controls&quot;:&quot;yes&quot;}\" data-widget_type=\"video.default\">\n\t\t\t\t<div class=\"elementor-widget-container\">\n\t\t\t\t\t\t\t<div class=\"elementor-wrapper elementor-open-inline\">\n\t\t\t<div class=\"elementor-video\"><\/div>\t\t<\/div>\n\t\t\t\t\t\t<\/div>\n\t\t\t\t<\/div>\n\t\t\t\t\t<\/div>\n\t\t<\/div>\n\t\t\t\t<div class=\"elementor-column elementor-col-50 elementor-inner-column elementor-element elementor-element-1a9844a\" data-id=\"1a9844a\" data-element_type=\"column\" data-e-type=\"column\">\n\t\t\t<div class=\"elementor-widget-wrap elementor-element-populated\">\n\t\t\t\t\t\t<div class=\"elementor-element elementor-element-2a27eda elementor-hidden-mobile elementor-widget elementor-widget-video\" data-id=\"2a27eda\" data-element_type=\"widget\" data-e-type=\"widget\" data-settings=\"{&quot;youtube_url&quot;:&quot;https:\\\/\\\/www.youtube.com\\\/watch?v=ris9f3H6RbQ&quot;,&quot;lazy_load&quot;:&quot;yes&quot;,&quot;video_type&quot;:&quot;youtube&quot;,&quot;controls&quot;:&quot;yes&quot;}\" data-widget_type=\"video.default\">\n\t\t\t\t<div class=\"elementor-widget-container\">\n\t\t\t\t\t\t\t<div class=\"elementor-wrapper elementor-open-inline\">\n\t\t\t<div class=\"elementor-video\"><\/div>\t\t<\/div>\n\t\t\t\t\t\t<\/div>\n\t\t\t\t<\/div>\n\t\t\t\t<div class=\"elementor-element elementor-element-ce28cfd elementor-hidden-desktop elementor-hidden-tablet elementor-widget elementor-widget-video\" data-id=\"ce28cfd\" data-element_type=\"widget\" data-e-type=\"widget\" data-settings=\"{&quot;youtube_url&quot;:&quot;https:\\\/\\\/www.youtube.com\\\/watch?v=ris9f3H6RbQ&quot;,&quot;lazy_load&quot;:&quot;yes&quot;,&quot;video_type&quot;:&quot;youtube&quot;,&quot;controls&quot;:&quot;yes&quot;}\" data-widget_type=\"video.default\">\n\t\t\t\t<div class=\"elementor-widget-container\">\n\t\t\t\t\t\t\t<div class=\"elementor-wrapper elementor-open-inline\">\n\t\t\t<div class=\"elementor-video\"><\/div>\t\t<\/div>\n\t\t\t\t\t\t<\/div>\n\t\t\t\t<\/div>\n\t\t\t\t\t<\/div>\n\t\t<\/div>\n\t\t\t\t\t<\/div>\n\t\t<\/section>\n\t\t\t\t\t<\/div>\n\t\t<\/div>\n\t\t\t\t\t<\/div>\n\t\t<\/section>\n\t\t\t\t<section class=\"elementor-section elementor-top-section elementor-element elementor-element-b308543 elementor-section-boxed elementor-section-height-default elementor-section-height-default elementor-invisible\" data-id=\"b308543\" data-element_type=\"section\" data-e-type=\"section\" data-settings=\"{&quot;animation&quot;:&quot;fadeInUp&quot;,&quot;_ha_eqh_enable&quot;:false}\">\n\t\t\t\t\t\t<div class=\"elementor-container elementor-column-gap-default\">\n\t\t\t\t\t<div class=\"elementor-column elementor-col-100 elementor-top-column elementor-element elementor-element-a4df8d2\" data-id=\"a4df8d2\" data-element_type=\"column\" data-e-type=\"column\">\n\t\t\t<div class=\"elementor-widget-wrap elementor-element-populated\">\n\t\t\t\t\t\t<div class=\"elementor-element elementor-element-956ec57 elementor-blockquote--skin-quotation elementor-blockquote--align-center elementor-blockquote--button-view-text elementor-blockquote--button-skin-link elementor-widget elementor-widget-blockquote\" data-id=\"956ec57\" data-element_type=\"widget\" data-e-type=\"widget\" data-widget_type=\"blockquote.default\">\n\t\t\t\t<div class=\"elementor-widget-container\">\n\t\t\t\t\t\t\t<blockquote class=\"elementor-blockquote\">\n\t\t\t<p class=\"elementor-blockquote__content\">\n\t\t\t\t\u00a1No la puedo soltar!\t\t\t<\/p>\n\t\t\t\t\t\t\t<div class=\"e-q-footer\">\n\t\t\t\t\t\t\t\t\t\t\t<cite class=\"elementor-blockquote__author\">JORDI BONELL<\/cite>\n\t\t\t\t\t\t\t\t\t\t\t\t\t\t\t\t<a href=\"https:\/\/twitter.com\/intent\/tweet?text=%C2%A1No+la+puedo+soltar%21+%E2%80%94+JORDI+BONELL&amp;url=https%3A%2F%2Fsoulezzaguitars.com%2Fjordi-bonell%2F\" class=\"elementor-blockquote__tweet-button\" target=\"_blank\">\n\t\t\t\t\t\t\t\t\t\t\t\t\t\t\t\t\t\t\t\t\t\t<span class=\"elementor-blockquote__tweet-label\"><\/span>\n\t\t\t\t\t\t\t\t\t\t\t\t\t<\/a>\n\t\t\t\t\t\t\t\t\t<\/div>\n\t\t\t\t\t<\/blockquote>\n\t\t\t\t\t\t<\/div>\n\t\t\t\t<\/div>\n\t\t\t\t\t<\/div>\n\t\t<\/div>\n\t\t\t\t\t<\/div>\n\t\t<\/section>\n\t\t\t\t<\/div>","protected":false},"excerpt":{"rendered":"<p>Soulezza ArtistsJORDI BONELL JORDI BONELL STUDIO GUITARIST, COMPOSER, EDUCATOR Estudi\u00f3 con Jim Hall y John Abercrombie, y asisti\u00f3 a la New School for Social Research en NY con una beca. Ha tocado con algunos de los mejores m\u00fasicos de Espa\u00f1a y el extranjero, entre ellos:Chet Baker, Marc Johnson, Archie Shep, Jim Hall, Tim Riess, Gary [&hellip;]<\/p>\n","protected":false},"author":1,"featured_media":173,"parent":0,"menu_order":0,"comment_status":"closed","ping_status":"closed","template":"","meta":{"footnotes":""},"class_list":["post-331","page","type-page","status-publish","has-post-thumbnail","hentry"],"yoast_head":"<!-- This site is optimized with the Yoast SEO plugin v27.5 - https:\/\/yoast.com\/product\/yoast-seo-wordpress\/ -->\n<title>Jordi Bonell artistas Soulezza - Soulezza Guitars - Handmade headless guitars<\/title>\n<meta name=\"description\" content=\"Ha tocado con algunos de los mejores m\u00fasicos de Espa\u00f1a y el extranjero, entre ellos:Chet Baker, Marc Johnson, Archie Shep, Jim Hall, Tim Riess, Gary Willis, Larry Willis\" \/>\n<meta name=\"robots\" content=\"index, follow, max-snippet:-1, max-image-preview:large, max-video-preview:-1\" \/>\n<link rel=\"canonical\" href=\"https:\/\/soulezzaguitars.com\/en_us\/jordi-bonell\/\" \/>\n<meta property=\"og:locale\" content=\"en_US\" \/>\n<meta property=\"og:type\" content=\"article\" \/>\n<meta property=\"og:title\" content=\"Jordi Bonell artistas Soulezza - Soulezza Guitars - Handmade headless guitars\" \/>\n<meta property=\"og:description\" content=\"Ha tocado con algunos de los mejores m\u00fasicos de Espa\u00f1a y el extranjero, entre ellos:Chet Baker, Marc Johnson, Archie Shep, Jim Hall, Tim Riess, Gary Willis, Larry Willis\" \/>\n<meta property=\"og:url\" content=\"https:\/\/soulezzaguitars.com\/en_us\/jordi-bonell\/\" \/>\n<meta property=\"og:site_name\" content=\"Soulezza Guitars\" \/>\n<meta property=\"article:modified_time\" content=\"2024-03-31T17:57:21+00:00\" \/>\n<meta property=\"og:image\" content=\"https:\/\/soulezzaguitars.com\/wp-content\/uploads\/2023\/08\/jbcentral.jpg\" \/>\n\t<meta property=\"og:image:width\" content=\"488\" \/>\n\t<meta property=\"og:image:height\" content=\"400\" \/>\n\t<meta property=\"og:image:type\" content=\"image\/jpeg\" \/>\n<meta name=\"twitter:card\" content=\"summary_large_image\" \/>\n<meta name=\"twitter:label1\" content=\"Est. reading time\" \/>\n\t<meta name=\"twitter:data1\" content=\"1 minute\" \/>\n<script type=\"application\/ld+json\" class=\"yoast-schema-graph\">{\"@context\":\"https:\\\/\\\/schema.org\",\"@graph\":[{\"@type\":\"WebPage\",\"@id\":\"https:\\\/\\\/soulezzaguitars.com\\\/jordi-bonell\\\/\",\"url\":\"https:\\\/\\\/soulezzaguitars.com\\\/jordi-bonell\\\/\",\"name\":\"Jordi Bonell artistas Soulezza - Soulezza Guitars - Handmade headless guitars\",\"isPartOf\":{\"@id\":\"https:\\\/\\\/soulezzaguitars.com\\\/#website\"},\"primaryImageOfPage\":{\"@id\":\"https:\\\/\\\/soulezzaguitars.com\\\/jordi-bonell\\\/#primaryimage\"},\"image\":{\"@id\":\"https:\\\/\\\/soulezzaguitars.com\\\/jordi-bonell\\\/#primaryimage\"},\"thumbnailUrl\":\"https:\\\/\\\/soulezzaguitars.com\\\/wp-content\\\/uploads\\\/2023\\\/08\\\/jbcentral.jpg\",\"datePublished\":\"2023-08-08T10:49:40+00:00\",\"dateModified\":\"2024-03-31T17:57:21+00:00\",\"description\":\"Ha tocado con algunos de los mejores m\u00fasicos de Espa\u00f1a y el extranjero, entre ellos:Chet Baker, Marc Johnson, Archie Shep, Jim Hall, Tim Riess, Gary Willis, Larry Willis\",\"breadcrumb\":{\"@id\":\"https:\\\/\\\/soulezzaguitars.com\\\/jordi-bonell\\\/#breadcrumb\"},\"inLanguage\":\"en-US\",\"potentialAction\":[{\"@type\":\"ReadAction\",\"target\":[\"https:\\\/\\\/soulezzaguitars.com\\\/jordi-bonell\\\/\"]}]},{\"@type\":\"ImageObject\",\"inLanguage\":\"en-US\",\"@id\":\"https:\\\/\\\/soulezzaguitars.com\\\/jordi-bonell\\\/#primaryimage\",\"url\":\"https:\\\/\\\/soulezzaguitars.com\\\/wp-content\\\/uploads\\\/2023\\\/08\\\/jbcentral.jpg\",\"contentUrl\":\"https:\\\/\\\/soulezzaguitars.com\\\/wp-content\\\/uploads\\\/2023\\\/08\\\/jbcentral.jpg\",\"width\":488,\"height\":400,\"caption\":\"JORDI BONELL\"},{\"@type\":\"BreadcrumbList\",\"@id\":\"https:\\\/\\\/soulezzaguitars.com\\\/jordi-bonell\\\/#breadcrumb\",\"itemListElement\":[{\"@type\":\"ListItem\",\"position\":1,\"name\":\"Portada\",\"item\":\"https:\\\/\\\/soulezzaguitars.com\\\/\"},{\"@type\":\"ListItem\",\"position\":2,\"name\":\"Jordi Bonell artistas Soulezza\"}]},{\"@type\":\"WebSite\",\"@id\":\"https:\\\/\\\/soulezzaguitars.com\\\/#website\",\"url\":\"https:\\\/\\\/soulezzaguitars.com\\\/\",\"name\":\"Soulezza Guitars\",\"description\":\"Headless Guitars\",\"potentialAction\":[{\"@type\":\"SearchAction\",\"target\":{\"@type\":\"EntryPoint\",\"urlTemplate\":\"https:\\\/\\\/soulezzaguitars.com\\\/?s={search_term_string}\"},\"query-input\":{\"@type\":\"PropertyValueSpecification\",\"valueRequired\":true,\"valueName\":\"search_term_string\"}}],\"inLanguage\":\"en-US\"}]}<\/script>\n<!-- \/ Yoast SEO plugin. -->","yoast_head_json":{"title":"Jordi Bonell artistas Soulezza - Soulezza Guitars - Handmade headless guitars","description":"Ha tocado con algunos de los mejores m\u00fasicos de Espa\u00f1a y el extranjero, entre ellos:Chet Baker, Marc Johnson, Archie Shep, Jim Hall, Tim Riess, Gary Willis, Larry Willis","robots":{"index":"index","follow":"follow","max-snippet":"max-snippet:-1","max-image-preview":"max-image-preview:large","max-video-preview":"max-video-preview:-1"},"canonical":"https:\/\/soulezzaguitars.com\/en_us\/jordi-bonell\/","og_locale":"en_US","og_type":"article","og_title":"Jordi Bonell artistas Soulezza - Soulezza Guitars - Handmade headless guitars","og_description":"Ha tocado con algunos de los mejores m\u00fasicos de Espa\u00f1a y el extranjero, entre ellos:Chet Baker, Marc Johnson, Archie Shep, Jim Hall, Tim Riess, Gary Willis, Larry Willis","og_url":"https:\/\/soulezzaguitars.com\/en_us\/jordi-bonell\/","og_site_name":"Soulezza Guitars","article_modified_time":"2024-03-31T17:57:21+00:00","og_image":[{"width":488,"height":400,"url":"https:\/\/soulezzaguitars.com\/wp-content\/uploads\/2023\/08\/jbcentral.jpg","type":"image\/jpeg"}],"twitter_card":"summary_large_image","twitter_misc":{"Est. reading time":"1 minute"},"schema":{"@context":"https:\/\/schema.org","@graph":[{"@type":"WebPage","@id":"https:\/\/soulezzaguitars.com\/jordi-bonell\/","url":"https:\/\/soulezzaguitars.com\/jordi-bonell\/","name":"Jordi Bonell artistas Soulezza - Soulezza Guitars - Handmade headless guitars","isPartOf":{"@id":"https:\/\/soulezzaguitars.com\/#website"},"primaryImageOfPage":{"@id":"https:\/\/soulezzaguitars.com\/jordi-bonell\/#primaryimage"},"image":{"@id":"https:\/\/soulezzaguitars.com\/jordi-bonell\/#primaryimage"},"thumbnailUrl":"https:\/\/soulezzaguitars.com\/wp-content\/uploads\/2023\/08\/jbcentral.jpg","datePublished":"2023-08-08T10:49:40+00:00","dateModified":"2024-03-31T17:57:21+00:00","description":"Ha tocado con algunos de los mejores m\u00fasicos de Espa\u00f1a y el extranjero, entre ellos:Chet Baker, Marc Johnson, Archie Shep, Jim Hall, Tim Riess, Gary Willis, Larry Willis","breadcrumb":{"@id":"https:\/\/soulezzaguitars.com\/jordi-bonell\/#breadcrumb"},"inLanguage":"en-US","potentialAction":[{"@type":"ReadAction","target":["https:\/\/soulezzaguitars.com\/jordi-bonell\/"]}]},{"@type":"ImageObject","inLanguage":"en-US","@id":"https:\/\/soulezzaguitars.com\/jordi-bonell\/#primaryimage","url":"https:\/\/soulezzaguitars.com\/wp-content\/uploads\/2023\/08\/jbcentral.jpg","contentUrl":"https:\/\/soulezzaguitars.com\/wp-content\/uploads\/2023\/08\/jbcentral.jpg","width":488,"height":400,"caption":"JORDI BONELL"},{"@type":"BreadcrumbList","@id":"https:\/\/soulezzaguitars.com\/jordi-bonell\/#breadcrumb","itemListElement":[{"@type":"ListItem","position":1,"name":"Portada","item":"https:\/\/soulezzaguitars.com\/"},{"@type":"ListItem","position":2,"name":"Jordi Bonell artistas Soulezza"}]},{"@type":"WebSite","@id":"https:\/\/soulezzaguitars.com\/#website","url":"https:\/\/soulezzaguitars.com\/","name":"Soulezza Guitars","description":"Headless Guitars","potentialAction":[{"@type":"SearchAction","target":{"@type":"EntryPoint","urlTemplate":"https:\/\/soulezzaguitars.com\/?s={search_term_string}"},"query-input":{"@type":"PropertyValueSpecification","valueRequired":true,"valueName":"search_term_string"}}],"inLanguage":"en-US"}]}},"_links":{"self":[{"href":"https:\/\/soulezzaguitars.com\/en_us\/wp-json\/wp\/v2\/pages\/331","targetHints":{"allow":["GET"]}}],"collection":[{"href":"https:\/\/soulezzaguitars.com\/en_us\/wp-json\/wp\/v2\/pages"}],"about":[{"href":"https:\/\/soulezzaguitars.com\/en_us\/wp-json\/wp\/v2\/types\/page"}],"author":[{"embeddable":true,"href":"https:\/\/soulezzaguitars.com\/en_us\/wp-json\/wp\/v2\/users\/1"}],"replies":[{"embeddable":true,"href":"https:\/\/soulezzaguitars.com\/en_us\/wp-json\/wp\/v2\/comments?post=331"}],"version-history":[{"count":23,"href":"https:\/\/soulezzaguitars.com\/en_us\/wp-json\/wp\/v2\/pages\/331\/revisions"}],"predecessor-version":[{"id":1816,"href":"https:\/\/soulezzaguitars.com\/en_us\/wp-json\/wp\/v2\/pages\/331\/revisions\/1816"}],"wp:featuredmedia":[{"embeddable":true,"href":"https:\/\/soulezzaguitars.com\/en_us\/wp-json\/wp\/v2\/media\/173"}],"wp:attachment":[{"href":"https:\/\/soulezzaguitars.com\/en_us\/wp-json\/wp\/v2\/media?parent=331"}],"curies":[{"name":"wp","href":"https:\/\/api.w.org\/{rel}","templated":true}]}}