{"id":366,"date":"2023-08-08T11:26:10","date_gmt":"2023-08-08T11:26:10","guid":{"rendered":"http:\/\/xcxhlqt.cluster028.hosting.ovh.net\/?page_id=366"},"modified":"2024-03-31T17:34:20","modified_gmt":"2024-03-31T17:34:20","slug":"john-stowell","status":"publish","type":"page","link":"https:\/\/soulezzaguitars.com\/en_us\/john-stowell\/","title":{"rendered":"John Stowell artistas Soulezza"},"content":{"rendered":"<div data-elementor-type=\"wp-page\" data-elementor-id=\"366\" class=\"elementor elementor-366\" data-elementor-settings=\"{&quot;ha_cmc_init_switcher&quot;:&quot;no&quot;}\" data-elementor-post-type=\"page\">\n\t\t\t\t\t\t<section class=\"elementor-section elementor-top-section elementor-element elementor-element-12fc952 elementor-section-full_width elementor-section-height-default elementor-section-height-default elementor-invisible\" data-id=\"12fc952\" data-element_type=\"section\" data-e-type=\"section\" data-settings=\"{&quot;animation&quot;:&quot;fadeInDown&quot;,&quot;_ha_eqh_enable&quot;:false}\">\n\t\t\t\t\t\t<div class=\"elementor-container elementor-column-gap-no\">\n\t\t\t\t\t<div class=\"elementor-column elementor-col-100 elementor-top-column elementor-element elementor-element-83c2ecc\" data-id=\"83c2ecc\" data-element_type=\"column\" data-e-type=\"column\">\n\t\t\t<div class=\"elementor-widget-wrap elementor-element-populated\">\n\t\t\t\t\t\t<div class=\"elementor-element elementor-element-3c5bd7d elementor--h-position-center elementor--v-position-middle elementor-arrows-position-inside elementor-pagination-position-inside elementor-widget elementor-widget-slides\" data-id=\"3c5bd7d\" data-element_type=\"widget\" data-e-type=\"widget\" data-settings=\"{&quot;navigation&quot;:&quot;both&quot;,&quot;autoplay&quot;:&quot;yes&quot;,&quot;pause_on_hover&quot;:&quot;yes&quot;,&quot;pause_on_interaction&quot;:&quot;yes&quot;,&quot;autoplay_speed&quot;:5000,&quot;infinite&quot;:&quot;yes&quot;,&quot;transition&quot;:&quot;slide&quot;,&quot;transition_speed&quot;:500}\" data-widget_type=\"slides.default\">\n\t\t\t\t<div class=\"elementor-widget-container\">\n\t\t\t\t\t\t\t\t\t<div class=\"elementor-swiper\">\n\t\t\t\t\t<div class=\"elementor-slides-wrapper elementor-main-swiper swiper\" role=\"region\" aria-roledescription=\"carousel\" aria-label=\"Slides\" dir=\"ltr\" data-animation=\"fadeInUp\">\n\t\t\t\t<div class=\"swiper-wrapper elementor-slides\">\n\t\t\t\t\t\t\t\t\t\t<div class=\"elementor-repeater-item-d5d5c5d swiper-slide\" role=\"group\" aria-roledescription=\"slide\"><div class=\"swiper-slide-bg elementor-ken-burns elementor-ken-burns--in\" role=\"img\"><\/div><div class=\"elementor-background-overlay\"><\/div><div class=\"swiper-slide-inner\" ><div class=\"swiper-slide-contents\"><div class=\"elementor-slide-heading\">Soulezza Artists<\/div><div class=\"elementor-slide-description\">JOHN STOWELL<\/div><\/div><\/div><\/div>\t\t\t\t<\/div>\n\t\t\t\t\t\t\t<\/div>\n\t\t\t\t<\/div>\n\t\t\t\t\t\t\t\t<\/div>\n\t\t\t\t<\/div>\n\t\t\t\t\t<\/div>\n\t\t<\/div>\n\t\t\t\t\t<\/div>\n\t\t<\/section>\n\t\t\t\t<section class=\"elementor-section elementor-top-section elementor-element elementor-element-ef85cfa elementor-section-boxed elementor-section-height-default elementor-section-height-default\" data-id=\"ef85cfa\" data-element_type=\"section\" data-e-type=\"section\" data-settings=\"{&quot;_ha_eqh_enable&quot;:false}\">\n\t\t\t\t\t\t<div class=\"elementor-container elementor-column-gap-default\">\n\t\t\t\t\t<div class=\"elementor-column elementor-col-50 elementor-top-column elementor-element elementor-element-894200a elementor-invisible\" data-id=\"894200a\" data-element_type=\"column\" data-e-type=\"column\" data-settings=\"{&quot;animation&quot;:&quot;fadeInLeft&quot;}\">\n\t\t\t<div class=\"elementor-widget-wrap elementor-element-populated\">\n\t\t\t\t\t\t<div class=\"elementor-element elementor-element-7a4fc96 elementor-widget elementor-widget-heading\" data-id=\"7a4fc96\" data-element_type=\"widget\" data-e-type=\"widget\" data-widget_type=\"heading.default\">\n\t\t\t\t<div class=\"elementor-widget-container\">\n\t\t\t\t\t<h2 class=\"elementor-heading-title elementor-size-default\">JOHN STOWELL<\/h2>\t\t\t\t<\/div>\n\t\t\t\t<\/div>\n\t\t\t\t<div class=\"elementor-element elementor-element-ffa1687 elementor-widget elementor-widget-text-editor\" data-id=\"ffa1687\" data-element_type=\"widget\" data-e-type=\"widget\" data-widget_type=\"text-editor.default\">\n\t\t\t\t<div class=\"elementor-widget-container\">\n\t\t\t\t\t\t\t\t\tOrigin Records, aclamado cl\u00ednico, int\u00e9rprete y educador\t\t\t\t\t\t\t\t<\/div>\n\t\t\t\t<\/div>\n\t\t\t\t<div class=\"elementor-element elementor-element-dedf87e elementor-widget elementor-widget-text-editor\" data-id=\"dedf87e\" data-element_type=\"widget\" data-e-type=\"widget\" data-widget_type=\"text-editor.default\">\n\t\t\t\t<div class=\"elementor-widget-container\">\n\t\t\t\t\t\t\t\t\t<p>Stowell, que toca la guitarra el\u00e9ctrica y ac\u00fastica, naci\u00f3 en Nueva York y creci\u00f3 en Connecticut. Tuvo estudios privados con Linc Chamberland y John Mehegan . Varios a\u00f1os m\u00e1s tarde conoci\u00f3 al bajista David Friesen en la ciudad de Nueva York. Stowell hizo un viaje a Portland, Oreg\u00f3n, donde vive Friesen, y decidi\u00f3 quedarse. Los dos formaron un d\u00fao en 1976 que grab\u00f3 y realiz\u00f3 giras prol\u00edficas durante siete a\u00f1os, con presentaciones en los Estados Unidos, Canad\u00e1, Europa y Australia. El d\u00fao sigue actuando treinta a\u00f1os despu\u00e9s de su primer encuentro. En 1983, Stowell y David Friesen se unieron al flautista Paul Horn y al hijo de Paul, Robin Horn (en la bater\u00eda) para una gira por la Uni\u00f3n Sovi\u00e9tica . En 1977 Stowell grab\u00f3 su \u00e1lbum debutDeliciosa Dorada ; sus acompa\u00f1antes fueron Jim McNeely , Mike Richmond y Billy Hart\u00a0<\/p><p>Stowell ense\u00f1a internacionalmente. Ha sido artista residente en escuelas de Alemania, Indonesia, Argentina, Estados Unidos y Canad\u00e1. Se desempe\u00f1\u00f3 como asistente de direcci\u00f3n e int\u00e9rprete en PDX Jazz Summit de Oregon Public Broadcasting en 1991, y desde 1995 ha sido columnista colaborador de varias revistas, incluidas Down Beat , Guitar Player , Canadian Musician , Soundcheck (Alemania) y Guitar Club ( Italia). En Alemania, ense\u00f1a en Jazz &amp; Rock Schulen Freiburg con Frank Haunschild, con quien toca regularmente. Tambi\u00e9n ha trabajado con Uwe Kropinski , Dave Liebman , Hiram Mutschler, G\u00e9rard Pansanel, Gustavo Assis-Brasil, David Becker y Nicolao Valiensi.<\/p>\t\t\t\t\t\t\t\t<\/div>\n\t\t\t\t<\/div>\n\t\t\t\t\t<\/div>\n\t\t<\/div>\n\t\t\t\t<div class=\"elementor-column elementor-col-50 elementor-top-column elementor-element elementor-element-4d84259 elementor-invisible\" data-id=\"4d84259\" data-element_type=\"column\" data-e-type=\"column\" data-settings=\"{&quot;animation&quot;:&quot;fadeInRight&quot;}\">\n\t\t\t<div class=\"elementor-widget-wrap elementor-element-populated\">\n\t\t\t\t\t\t<div class=\"elementor-element elementor-element-bfd2510 elementor-widget elementor-widget-image\" data-id=\"bfd2510\" data-element_type=\"widget\" data-e-type=\"widget\" data-widget_type=\"image.default\">\n\t\t\t\t<div class=\"elementor-widget-container\">\n\t\t\t\t\t\t\t\t\t\t\t\t\t\t\t<img fetchpriority=\"high\" decoding=\"async\" width=\"400\" height=\"436\" src=\"https:\/\/soulezzaguitars.com\/wp-content\/uploads\/2023\/08\/sto.jpg\" class=\"attachment-large size-large wp-image-175\" alt=\"JOHN STOWELL\" \/>\t\t\t\t\t\t\t\t\t\t\t\t\t\t\t<\/div>\n\t\t\t\t<\/div>\n\t\t\t\t\t<\/div>\n\t\t<\/div>\n\t\t\t\t\t<\/div>\n\t\t<\/section>\n\t\t\t\t<section class=\"elementor-section elementor-top-section elementor-element elementor-element-c4d735f elementor-section-boxed elementor-section-height-default elementor-section-height-default elementor-invisible\" data-id=\"c4d735f\" data-element_type=\"section\" data-e-type=\"section\" data-settings=\"{&quot;background_background&quot;:&quot;classic&quot;,&quot;animation&quot;:&quot;fadeInLeft&quot;,&quot;_ha_eqh_enable&quot;:false}\">\n\t\t\t\t\t\t<div class=\"elementor-container elementor-column-gap-default\">\n\t\t\t\t\t<div class=\"elementor-column elementor-col-100 elementor-top-column elementor-element elementor-element-fbdbbfb\" data-id=\"fbdbbfb\" data-element_type=\"column\" data-e-type=\"column\">\n\t\t\t<div class=\"elementor-widget-wrap elementor-element-populated\">\n\t\t\t\t\t\t<div class=\"elementor-element elementor-element-2652970 elementor-widget elementor-widget-heading\" data-id=\"2652970\" data-element_type=\"widget\" data-e-type=\"widget\" data-widget_type=\"heading.default\">\n\t\t\t\t<div class=\"elementor-widget-container\">\n\t\t\t\t\t<h2 class=\"elementor-heading-title elementor-size-default\">As\u00ed suena<\/h2>\t\t\t\t<\/div>\n\t\t\t\t<\/div>\n\t\t\t\t<section class=\"elementor-section elementor-inner-section elementor-element elementor-element-b2bbaf8 elementor-section-boxed elementor-section-height-default elementor-section-height-default\" data-id=\"b2bbaf8\" data-element_type=\"section\" data-e-type=\"section\" data-settings=\"{&quot;_ha_eqh_enable&quot;:false}\">\n\t\t\t\t\t\t<div class=\"elementor-container elementor-column-gap-default\">\n\t\t\t\t\t<div class=\"elementor-column elementor-col-50 elementor-inner-column elementor-element elementor-element-2ee8a4e\" data-id=\"2ee8a4e\" data-element_type=\"column\" data-e-type=\"column\">\n\t\t\t<div class=\"elementor-widget-wrap elementor-element-populated\">\n\t\t\t\t\t\t<div class=\"elementor-element elementor-element-5b0f806 elementor-hidden-mobile elementor-widget elementor-widget-video\" data-id=\"5b0f806\" data-element_type=\"widget\" data-e-type=\"widget\" data-settings=\"{&quot;youtube_url&quot;:&quot;https:\\\/\\\/www.youtube.com\\\/watch?v=e0is-dqPLqk&amp;list=PL0z6bPwQx116L53c8c-PFKO0W2UAK0N1_&amp;index=2&quot;,&quot;lazy_load&quot;:&quot;yes&quot;,&quot;video_type&quot;:&quot;youtube&quot;,&quot;controls&quot;:&quot;yes&quot;}\" data-widget_type=\"video.default\">\n\t\t\t\t<div class=\"elementor-widget-container\">\n\t\t\t\t\t\t\t<div class=\"elementor-wrapper elementor-open-inline\">\n\t\t\t<div class=\"elementor-video\"><\/div>\t\t<\/div>\n\t\t\t\t\t\t<\/div>\n\t\t\t\t<\/div>\n\t\t\t\t<div class=\"elementor-element elementor-element-022260e elementor-hidden-desktop elementor-hidden-tablet elementor-widget elementor-widget-video\" data-id=\"022260e\" data-element_type=\"widget\" data-e-type=\"widget\" data-settings=\"{&quot;youtube_url&quot;:&quot;https:\\\/\\\/www.youtube.com\\\/watch?v=e0is-dqPLqk&amp;list=PL0z6bPwQx116L53c8c-PFKO0W2UAK0N1_&amp;index=2&quot;,&quot;lazy_load&quot;:&quot;yes&quot;,&quot;video_type&quot;:&quot;youtube&quot;,&quot;controls&quot;:&quot;yes&quot;}\" data-widget_type=\"video.default\">\n\t\t\t\t<div class=\"elementor-widget-container\">\n\t\t\t\t\t\t\t<div class=\"elementor-wrapper elementor-open-inline\">\n\t\t\t<div class=\"elementor-video\"><\/div>\t\t<\/div>\n\t\t\t\t\t\t<\/div>\n\t\t\t\t<\/div>\n\t\t\t\t\t<\/div>\n\t\t<\/div>\n\t\t\t\t<div class=\"elementor-column elementor-col-50 elementor-inner-column elementor-element elementor-element-1a9844a\" data-id=\"1a9844a\" data-element_type=\"column\" data-e-type=\"column\">\n\t\t\t<div class=\"elementor-widget-wrap elementor-element-populated\">\n\t\t\t\t\t\t<div class=\"elementor-element elementor-element-2a27eda elementor-hidden-mobile elementor-widget elementor-widget-video\" data-id=\"2a27eda\" data-element_type=\"widget\" data-e-type=\"widget\" data-settings=\"{&quot;youtube_url&quot;:&quot;https:\\\/\\\/www.youtube.com\\\/watch?v=zuta_QYKdiU&amp;list=PL0z6bPwQx116L53c8c-PFKO0W2UAK0N1_&amp;index=6&quot;,&quot;lazy_load&quot;:&quot;yes&quot;,&quot;video_type&quot;:&quot;youtube&quot;,&quot;controls&quot;:&quot;yes&quot;}\" data-widget_type=\"video.default\">\n\t\t\t\t<div class=\"elementor-widget-container\">\n\t\t\t\t\t\t\t<div class=\"elementor-wrapper elementor-open-inline\">\n\t\t\t<div class=\"elementor-video\"><\/div>\t\t<\/div>\n\t\t\t\t\t\t<\/div>\n\t\t\t\t<\/div>\n\t\t\t\t<div class=\"elementor-element elementor-element-ce28cfd elementor-hidden-desktop elementor-hidden-tablet elementor-widget elementor-widget-video\" data-id=\"ce28cfd\" data-element_type=\"widget\" data-e-type=\"widget\" data-settings=\"{&quot;youtube_url&quot;:&quot;https:\\\/\\\/www.youtube.com\\\/watch?v=zuta_QYKdiU&amp;list=PL0z6bPwQx116L53c8c-PFKO0W2UAK0N1_&amp;index=6&quot;,&quot;lazy_load&quot;:&quot;yes&quot;,&quot;video_type&quot;:&quot;youtube&quot;,&quot;controls&quot;:&quot;yes&quot;}\" data-widget_type=\"video.default\">\n\t\t\t\t<div class=\"elementor-widget-container\">\n\t\t\t\t\t\t\t<div class=\"elementor-wrapper elementor-open-inline\">\n\t\t\t<div class=\"elementor-video\"><\/div>\t\t<\/div>\n\t\t\t\t\t\t<\/div>\n\t\t\t\t<\/div>\n\t\t\t\t\t<\/div>\n\t\t<\/div>\n\t\t\t\t\t<\/div>\n\t\t<\/section>\n\t\t\t\t\t<\/div>\n\t\t<\/div>\n\t\t\t\t\t<\/div>\n\t\t<\/section>\n\t\t\t\t<section class=\"elementor-section elementor-top-section elementor-element elementor-element-b308543 elementor-section-boxed elementor-section-height-default elementor-section-height-default elementor-invisible\" data-id=\"b308543\" data-element_type=\"section\" data-e-type=\"section\" data-settings=\"{&quot;animation&quot;:&quot;fadeInUp&quot;,&quot;_ha_eqh_enable&quot;:false}\">\n\t\t\t\t\t\t<div class=\"elementor-container elementor-column-gap-default\">\n\t\t\t\t\t<div class=\"elementor-column elementor-col-100 elementor-top-column elementor-element elementor-element-a4df8d2\" data-id=\"a4df8d2\" data-element_type=\"column\" data-e-type=\"column\">\n\t\t\t<div class=\"elementor-widget-wrap elementor-element-populated\">\n\t\t\t\t\t\t<div class=\"elementor-element elementor-element-956ec57 elementor-blockquote--skin-quotation elementor-blockquote--align-center elementor-blockquote--button-view-text elementor-blockquote--button-skin-link elementor-widget elementor-widget-blockquote\" data-id=\"956ec57\" data-element_type=\"widget\" data-e-type=\"widget\" data-widget_type=\"blockquote.default\">\n\t\t\t\t<div class=\"elementor-widget-container\">\n\t\t\t\t\t\t\t<blockquote class=\"elementor-blockquote\">\n\t\t\t<p class=\"elementor-blockquote__content\">\n\t\t\t\tEstoy feliz de tener una Soulezza.\nEl instrumento suena bien, est\u00e1 muy bien hecho y es un placer tocarla.<br \/>\nEl tama\u00f1o y la portabilidad son una ventaja adicional ...<br \/>\nMuy recomendable \t\t\t<\/p>\n\t\t\t\t\t\t\t<div class=\"e-q-footer\">\n\t\t\t\t\t\t\t\t\t\t\t<cite class=\"elementor-blockquote__author\">JOHN STOWELL<\/cite>\n\t\t\t\t\t\t\t\t\t\t\t\t\t\t\t\t<a href=\"https:\/\/twitter.com\/intent\/tweet?text=Estoy+feliz+de+tener+una+Soulezza.%0AEl+instrumento+suena+bien%2C+est%C3%A1+muy+bien+hecho+y+es+un+placer+tocarla.%3CBR%2F%3E%0AEl+tama%C3%B1o+y+la+portabilidad+son+una+ventaja+adicional+...%3CBR%2F%3E%0AMuy+recomendable++%E2%80%94+JOHN+STOWELL&amp;url=https%3A%2F%2Fsoulezzaguitars.com%2Fjohn-stowell%2F\" class=\"elementor-blockquote__tweet-button\" target=\"_blank\">\n\t\t\t\t\t\t\t\t\t\t\t\t\t\t\t\t\t\t\t\t\t\t<span class=\"elementor-blockquote__tweet-label\"><\/span>\n\t\t\t\t\t\t\t\t\t\t\t\t\t<\/a>\n\t\t\t\t\t\t\t\t\t<\/div>\n\t\t\t\t\t<\/blockquote>\n\t\t\t\t\t\t<\/div>\n\t\t\t\t<\/div>\n\t\t\t\t\t<\/div>\n\t\t<\/div>\n\t\t\t\t\t<\/div>\n\t\t<\/section>\n\t\t\t\t<\/div>","protected":false},"excerpt":{"rendered":"<p>Soulezza ArtistsJOHN STOWELL JOHN STOWELL Origin Records, aclamado cl\u00ednico, int\u00e9rprete y educador Stowell, que toca la guitarra el\u00e9ctrica y ac\u00fastica, naci\u00f3 en Nueva York y creci\u00f3 en Connecticut. Tuvo estudios privados con Linc Chamberland y John Mehegan . Varios a\u00f1os m\u00e1s tarde conoci\u00f3 al bajista David Friesen en la ciudad de Nueva York. Stowell hizo [&hellip;]<\/p>\n","protected":false},"author":1,"featured_media":175,"parent":0,"menu_order":0,"comment_status":"closed","ping_status":"closed","template":"","meta":{"footnotes":""},"class_list":["post-366","page","type-page","status-publish","has-post-thumbnail","hentry"],"yoast_head":"<!-- This site is optimized with the Yoast SEO plugin v27.5 - https:\/\/yoast.com\/product\/yoast-seo-wordpress\/ -->\n<title>John Stowell artistas Soulezza - Soulezza Guitars - Handmade headless<\/title>\n<meta name=\"description\" content=\"Estoy feliz de tener una Soulezza. El instrumento suena bien, est\u00e1 muy bien hecho y es un placer tocarla.El tama\u00f1o y la portabilidad son una ventaja adicional\" \/>\n<meta name=\"robots\" content=\"index, follow, max-snippet:-1, max-image-preview:large, max-video-preview:-1\" \/>\n<link rel=\"canonical\" href=\"https:\/\/soulezzaguitars.com\/en_us\/john-stowell\/\" \/>\n<meta property=\"og:locale\" content=\"en_US\" \/>\n<meta property=\"og:type\" content=\"article\" \/>\n<meta property=\"og:title\" content=\"John Stowell artistas Soulezza - Soulezza Guitars - Handmade headless\" \/>\n<meta property=\"og:description\" content=\"Estoy feliz de tener una Soulezza. El instrumento suena bien, est\u00e1 muy bien hecho y es un placer tocarla.El tama\u00f1o y la portabilidad son una ventaja adicional\" \/>\n<meta property=\"og:url\" content=\"https:\/\/soulezzaguitars.com\/en_us\/john-stowell\/\" \/>\n<meta property=\"og:site_name\" content=\"Soulezza Guitars\" \/>\n<meta property=\"article:modified_time\" content=\"2024-03-31T17:34:20+00:00\" \/>\n<meta property=\"og:image\" content=\"https:\/\/soulezzaguitars.com\/wp-content\/uploads\/2023\/08\/sto.jpg\" \/>\n\t<meta property=\"og:image:width\" content=\"400\" \/>\n\t<meta property=\"og:image:height\" content=\"436\" \/>\n\t<meta property=\"og:image:type\" content=\"image\/jpeg\" \/>\n<meta name=\"twitter:card\" content=\"summary_large_image\" \/>\n<meta name=\"twitter:label1\" content=\"Est. reading time\" \/>\n\t<meta name=\"twitter:data1\" content=\"2 minutes\" \/>\n<script type=\"application\/ld+json\" class=\"yoast-schema-graph\">{\"@context\":\"https:\\\/\\\/schema.org\",\"@graph\":[{\"@type\":\"WebPage\",\"@id\":\"https:\\\/\\\/soulezzaguitars.com\\\/john-stowell\\\/\",\"url\":\"https:\\\/\\\/soulezzaguitars.com\\\/john-stowell\\\/\",\"name\":\"John Stowell artistas Soulezza - Soulezza Guitars - Handmade headless\",\"isPartOf\":{\"@id\":\"https:\\\/\\\/soulezzaguitars.com\\\/#website\"},\"primaryImageOfPage\":{\"@id\":\"https:\\\/\\\/soulezzaguitars.com\\\/john-stowell\\\/#primaryimage\"},\"image\":{\"@id\":\"https:\\\/\\\/soulezzaguitars.com\\\/john-stowell\\\/#primaryimage\"},\"thumbnailUrl\":\"https:\\\/\\\/soulezzaguitars.com\\\/wp-content\\\/uploads\\\/2023\\\/08\\\/sto.jpg\",\"datePublished\":\"2023-08-08T11:26:10+00:00\",\"dateModified\":\"2024-03-31T17:34:20+00:00\",\"description\":\"Estoy feliz de tener una Soulezza. El instrumento suena bien, est\u00e1 muy bien hecho y es un placer tocarla.El tama\u00f1o y la portabilidad son una ventaja adicional\",\"breadcrumb\":{\"@id\":\"https:\\\/\\\/soulezzaguitars.com\\\/john-stowell\\\/#breadcrumb\"},\"inLanguage\":\"en-US\",\"potentialAction\":[{\"@type\":\"ReadAction\",\"target\":[\"https:\\\/\\\/soulezzaguitars.com\\\/john-stowell\\\/\"]}]},{\"@type\":\"ImageObject\",\"inLanguage\":\"en-US\",\"@id\":\"https:\\\/\\\/soulezzaguitars.com\\\/john-stowell\\\/#primaryimage\",\"url\":\"https:\\\/\\\/soulezzaguitars.com\\\/wp-content\\\/uploads\\\/2023\\\/08\\\/sto.jpg\",\"contentUrl\":\"https:\\\/\\\/soulezzaguitars.com\\\/wp-content\\\/uploads\\\/2023\\\/08\\\/sto.jpg\",\"width\":400,\"height\":436,\"caption\":\"JOHN STOWELL\"},{\"@type\":\"BreadcrumbList\",\"@id\":\"https:\\\/\\\/soulezzaguitars.com\\\/john-stowell\\\/#breadcrumb\",\"itemListElement\":[{\"@type\":\"ListItem\",\"position\":1,\"name\":\"Portada\",\"item\":\"https:\\\/\\\/soulezzaguitars.com\\\/\"},{\"@type\":\"ListItem\",\"position\":2,\"name\":\"John Stowell artistas Soulezza\"}]},{\"@type\":\"WebSite\",\"@id\":\"https:\\\/\\\/soulezzaguitars.com\\\/#website\",\"url\":\"https:\\\/\\\/soulezzaguitars.com\\\/\",\"name\":\"Soulezza Guitars\",\"description\":\"Headless Guitars\",\"potentialAction\":[{\"@type\":\"SearchAction\",\"target\":{\"@type\":\"EntryPoint\",\"urlTemplate\":\"https:\\\/\\\/soulezzaguitars.com\\\/?s={search_term_string}\"},\"query-input\":{\"@type\":\"PropertyValueSpecification\",\"valueRequired\":true,\"valueName\":\"search_term_string\"}}],\"inLanguage\":\"en-US\"}]}<\/script>\n<!-- \/ Yoast SEO plugin. -->","yoast_head_json":{"title":"John Stowell artistas Soulezza - Soulezza Guitars - Handmade headless","description":"Estoy feliz de tener una Soulezza. El instrumento suena bien, est\u00e1 muy bien hecho y es un placer tocarla.El tama\u00f1o y la portabilidad son una ventaja adicional","robots":{"index":"index","follow":"follow","max-snippet":"max-snippet:-1","max-image-preview":"max-image-preview:large","max-video-preview":"max-video-preview:-1"},"canonical":"https:\/\/soulezzaguitars.com\/en_us\/john-stowell\/","og_locale":"en_US","og_type":"article","og_title":"John Stowell artistas Soulezza - Soulezza Guitars - Handmade headless","og_description":"Estoy feliz de tener una Soulezza. El instrumento suena bien, est\u00e1 muy bien hecho y es un placer tocarla.El tama\u00f1o y la portabilidad son una ventaja adicional","og_url":"https:\/\/soulezzaguitars.com\/en_us\/john-stowell\/","og_site_name":"Soulezza Guitars","article_modified_time":"2024-03-31T17:34:20+00:00","og_image":[{"width":400,"height":436,"url":"https:\/\/soulezzaguitars.com\/wp-content\/uploads\/2023\/08\/sto.jpg","type":"image\/jpeg"}],"twitter_card":"summary_large_image","twitter_misc":{"Est. reading time":"2 minutes"},"schema":{"@context":"https:\/\/schema.org","@graph":[{"@type":"WebPage","@id":"https:\/\/soulezzaguitars.com\/john-stowell\/","url":"https:\/\/soulezzaguitars.com\/john-stowell\/","name":"John Stowell artistas Soulezza - Soulezza Guitars - Handmade headless","isPartOf":{"@id":"https:\/\/soulezzaguitars.com\/#website"},"primaryImageOfPage":{"@id":"https:\/\/soulezzaguitars.com\/john-stowell\/#primaryimage"},"image":{"@id":"https:\/\/soulezzaguitars.com\/john-stowell\/#primaryimage"},"thumbnailUrl":"https:\/\/soulezzaguitars.com\/wp-content\/uploads\/2023\/08\/sto.jpg","datePublished":"2023-08-08T11:26:10+00:00","dateModified":"2024-03-31T17:34:20+00:00","description":"Estoy feliz de tener una Soulezza. El instrumento suena bien, est\u00e1 muy bien hecho y es un placer tocarla.El tama\u00f1o y la portabilidad son una ventaja adicional","breadcrumb":{"@id":"https:\/\/soulezzaguitars.com\/john-stowell\/#breadcrumb"},"inLanguage":"en-US","potentialAction":[{"@type":"ReadAction","target":["https:\/\/soulezzaguitars.com\/john-stowell\/"]}]},{"@type":"ImageObject","inLanguage":"en-US","@id":"https:\/\/soulezzaguitars.com\/john-stowell\/#primaryimage","url":"https:\/\/soulezzaguitars.com\/wp-content\/uploads\/2023\/08\/sto.jpg","contentUrl":"https:\/\/soulezzaguitars.com\/wp-content\/uploads\/2023\/08\/sto.jpg","width":400,"height":436,"caption":"JOHN STOWELL"},{"@type":"BreadcrumbList","@id":"https:\/\/soulezzaguitars.com\/john-stowell\/#breadcrumb","itemListElement":[{"@type":"ListItem","position":1,"name":"Portada","item":"https:\/\/soulezzaguitars.com\/"},{"@type":"ListItem","position":2,"name":"John Stowell artistas Soulezza"}]},{"@type":"WebSite","@id":"https:\/\/soulezzaguitars.com\/#website","url":"https:\/\/soulezzaguitars.com\/","name":"Soulezza Guitars","description":"Headless Guitars","potentialAction":[{"@type":"SearchAction","target":{"@type":"EntryPoint","urlTemplate":"https:\/\/soulezzaguitars.com\/?s={search_term_string}"},"query-input":{"@type":"PropertyValueSpecification","valueRequired":true,"valueName":"search_term_string"}}],"inLanguage":"en-US"}]}},"_links":{"self":[{"href":"https:\/\/soulezzaguitars.com\/en_us\/wp-json\/wp\/v2\/pages\/366","targetHints":{"allow":["GET"]}}],"collection":[{"href":"https:\/\/soulezzaguitars.com\/en_us\/wp-json\/wp\/v2\/pages"}],"about":[{"href":"https:\/\/soulezzaguitars.com\/en_us\/wp-json\/wp\/v2\/types\/page"}],"author":[{"embeddable":true,"href":"https:\/\/soulezzaguitars.com\/en_us\/wp-json\/wp\/v2\/users\/1"}],"replies":[{"embeddable":true,"href":"https:\/\/soulezzaguitars.com\/en_us\/wp-json\/wp\/v2\/comments?post=366"}],"version-history":[{"count":14,"href":"https:\/\/soulezzaguitars.com\/en_us\/wp-json\/wp\/v2\/pages\/366\/revisions"}],"predecessor-version":[{"id":1773,"href":"https:\/\/soulezzaguitars.com\/en_us\/wp-json\/wp\/v2\/pages\/366\/revisions\/1773"}],"wp:featuredmedia":[{"embeddable":true,"href":"https:\/\/soulezzaguitars.com\/en_us\/wp-json\/wp\/v2\/media\/175"}],"wp:attachment":[{"href":"https:\/\/soulezzaguitars.com\/en_us\/wp-json\/wp\/v2\/media?parent=366"}],"curies":[{"name":"wp","href":"https:\/\/api.w.org\/{rel}","templated":true}]}}